{"id":105,"date":"2020-07-28T10:29:06","date_gmt":"2020-07-28T08:29:06","guid":{"rendered":"http:\/\/www.nibes.org\/?page_id=105"},"modified":"2026-01-12T07:45:45","modified_gmt":"2026-01-12T06:45:45","slug":"start","status":"publish","type":"page","link":"https:\/\/www.nibes.org\/","title":{"rendered":"Welcome"},"content":{"rendered":"\n<p>\u201eNIBES enhances programs in business, economics &amp; management in terms of the development of expertise for students to act responsibly and successfully in a complex,&nbsp;interdependent&nbsp;and fragile global system\u201c.<\/p>\n\n\n\n<figure class=\"wp-block-image size-large\"><img loading=\"lazy\" decoding=\"async\" width=\"1024\" height=\"682\" src=\"http:\/\/www.nibes.org\/wp-content\/uploads\/2025\/08\/PHOTO-2025-07-03-21-12-18-1024x682.jpg\" alt=\"\" class=\"wp-image-831\" srcset=\"https:\/\/www.nibes.org\/wp-content\/uploads\/2025\/08\/PHOTO-2025-07-03-21-12-18-1024x682.jpg 1024w, https:\/\/www.nibes.org\/wp-content\/uploads\/2025\/08\/PHOTO-2025-07-03-21-12-18-300x200.jpg 300w, https:\/\/www.nibes.org\/wp-content\/uploads\/2025\/08\/PHOTO-2025-07-03-21-12-18-768x512.jpg 768w, https:\/\/www.nibes.org\/wp-content\/uploads\/2025\/08\/PHOTO-2025-07-03-21-12-18-1536x1023.jpg 1536w, https:\/\/www.nibes.org\/wp-content\/uploads\/2025\/08\/PHOTO-2025-07-03-21-12-18-120x80.jpg 120w, https:\/\/www.nibes.org\/wp-content\/uploads\/2025\/08\/PHOTO-2025-07-03-21-12-18.jpg 1600w\" sizes=\"auto, (max-width: 1024px) 100vw, 1024px\" \/><figcaption class=\"wp-element-caption\">Tapei 2025<\/figcaption><\/figure>\n\n\n\n<p>NIBES is a global network of 20 Business and Economics Schools in 20 countries with many thousands of alumni in students mobility programs since 1996.<\/p>\n\n\n\n<ul class=\"wp-block-list\">\n<li><a rel=\"noreferrer noopener\" href=\"http:\/\/www.bilkent.edu.tr\" target=\"_blank\">Bilkent University<\/a>, Ankara \/ Turkey<\/li>\n\n\n\n<li><a rel=\"noreferrer noopener\" href=\"http:\/\/www.byu.edu\/\" target=\"_blank\">Brigham Young University<\/a>, Provo, Utah \/ USA<\/li>\n\n\n\n<li><a rel=\"noreferrer noopener\" href=\"http:\/\/www.cu.edu.ge\" target=\"_blank\">Caucasus School of Business<\/a>, Tbilisi \/ Georgia<\/li>\n\n\n\n<li><a href=\"http:\/\/www.uek.krakow.pl\">Krakow University of Economics<\/a>, Krakow \/ Poland<\/li>\n\n\n\n<li><a href=\"http:\/\/www.esc-clermont.fr\" target=\"_blank\" rel=\"noreferrer noopener\">Clermont School of Business<\/a>, Clermont-Ferrand \/ France<\/li>\n\n\n\n<li><a href=\"http:\/\/esca.ma\" data-type=\"link\" data-id=\"esca.ma\">ESCA Ecole de Management<\/a>, Casablanca\/ Morroco<\/li>\n\n\n\n<li><a rel=\"noreferrer noopener\" href=\"http:\/\/www.ebape.fgv.br\" target=\"_blank\">Funda\u00e7\u00e3o Get\u00falio Vargas<\/a>, EBAPE, Rio \/ Brazil<\/li>\n\n\n\n<li><a href=\"http:\/\/feb.ugm.ac.id\" target=\"_blank\" rel=\"noreferrer noopener\">Universitas Gadjah Mada<\/a>, Yogyakarta \/ Indonesia<\/li>\n\n\n\n<li><a rel=\"noreferrer noopener\" href=\"http:\/\/www.hue.ac.jp\/\" target=\"_blank\">Hiroshima University of Economics<\/a>, Hiroshima \/ Japan<\/li>\n\n\n\n<li><a href=\"https:\/\/www.ichec.be\/fr\" target=\"_blank\" rel=\"noreferrer noopener\">ICHEC \u2013 Institut Catholique des Hautes \u00c9tudes Commerciales<\/a>, Brussels \/ Belgium<\/li>\n\n\n\n<li><a href=\"http:\/\/www.iesa.edu.ve\/\" target=\"_blank\" rel=\"noreferrer noopener\">Instituto de Estudios Superiores de Administracion IESA<\/a>, Caracas \/ Venezuela<\/li>\n\n\n\n<li><a rel=\"noreferrer noopener\" href=\"https:\/\/ibs.iscte-iul.pt\/\" target=\"_blank\">Iscte Business School &#8211;&nbsp; University Institute of Lisbon<\/a>, Lisbon \/ Portugal<\/li>\n\n\n\n<li><a rel=\"noreferrer noopener\" href=\"http:\/\/www.jainuniversity.ac.in\" target=\"_blank\">Jain University<\/a>, Bangalore \/ India<\/li>\n\n\n\n<li><a rel=\"noreferrer noopener\" href=\"http:\/\/www.oru.se\" target=\"_blank\">\u00d6rebro University School of Business<\/a>, \u00d6rebro, Sweden<\/li>\n\n\n\n<li><a rel=\"noreferrer noopener\" href=\"https:\/\/businesspf.hs-pforzheim.de\/\" target=\"_blank\">Pforzheim University<\/a>, Pforzheim Business School, Pforzheim \/ Germany<\/li>\n\n\n\n<li><a href=\"https:\/\/www.rgu.ac.uk\/study\/academic-schools\/aberdeen-business-school\" target=\"_blank\" rel=\"noreferrer noopener\">Robert Gordon University<\/a>, Aberdeen Business School, Aberdeen \/ Scotland<\/li>\n\n\n\n<li><a rel=\"noreferrer noopener\" href=\"http:\/\/www.esan.edu.pe\" target=\"_blank\">Universidad ESAN<\/a>, Lima \/ Peru<\/li>\n\n\n\n<li><a rel=\"noreferrer noopener\" href=\"http:\/\/www.ef.uni-lj.si\/en\/\" target=\"_blank\">University of Ljubljana, School of Economics and Business<\/a>, Ljubljana \/ Slovenia<\/li>\n\n\n\n<li><a rel=\"noreferrer noopener\" href=\"http:\/\/www.sam.sdu.dk\" target=\"_blank\">University of Southern Denmark<\/a>&nbsp;\/ Denmark<\/li>\n\n\n\n<li><a rel=\"noreferrer noopener\" href=\"http:\/\/www.yzu.edu.tw\" target=\"_blank\">Yuan Ze University<\/a>, Zhongli District \/ Taiwan<\/li>\n<\/ul>\n","protected":false},"excerpt":{"rendered":"<p>\u201eNIBES enhances programs in business, economics &amp; management in terms of the development of expertise for students to act responsibly<\/p>\n","protected":false},"author":1,"featured_media":0,"parent":0,"menu_order":-1,"comment_status":"closed","ping_status":"closed","template":"","meta":{"footnotes":""},"class_list":["post-105","page","type-page","status-publish","hentry"],"_links":{"self":[{"href":"https:\/\/www.nibes.org\/index.php\/wp-json\/wp\/v2\/pages\/105","targetHints":{"allow":["GET"]}}],"collection":[{"href":"https:\/\/www.nibes.org\/index.php\/wp-json\/wp\/v2\/pages"}],"about":[{"href":"https:\/\/www.nibes.org\/index.php\/wp-json\/wp\/v2\/types\/page"}],"author":[{"embeddable":true,"href":"https:\/\/www.nibes.org\/index.php\/wp-json\/wp\/v2\/users\/1"}],"replies":[{"embeddable":true,"href":"https:\/\/www.nibes.org\/index.php\/wp-json\/wp\/v2\/comments?post=105"}],"version-history":[{"count":33,"href":"https:\/\/www.nibes.org\/index.php\/wp-json\/wp\/v2\/pages\/105\/revisions"}],"predecessor-version":[{"id":890,"href":"https:\/\/www.nibes.org\/index.php\/wp-json\/wp\/v2\/pages\/105\/revisions\/890"}],"wp:attachment":[{"href":"https:\/\/www.nibes.org\/index.php\/wp-json\/wp\/v2\/media?parent=105"}],"curies":[{"name":"wp","href":"https:\/\/api.w.org\/{rel}","templated":true}]}}